{"id":148,"date":"2022-06-28T19:50:23","date_gmt":"2022-06-28T19:50:23","guid":{"rendered":"https:\/\/praktijkvoormondhygienespijkenisse.nl\/wordpress\/?page_id=148"},"modified":"2022-06-28T19:50:24","modified_gmt":"2022-06-28T19:50:24","slug":"de-mondhygienist","status":"publish","type":"page","link":"https:\/\/praktijkvoormondhygienespijkenisse.nl\/wordpress\/index.php\/de-mondhygienist\/","title":{"rendered":"De mondhygienist"},"content":{"rendered":"\n<div class=\"wp-block-media-text alignwide is-stacked-on-mobile is-vertically-aligned-top\" style=\"grid-template-columns:24% auto\"><figure class=\"wp-block-media-text__media\"><img loading=\"lazy\" decoding=\"async\" width=\"576\" height=\"1024\" src=\"https:\/\/praktijkvoormondhygienespijkenisse.nl\/wordpress\/wp-content\/uploads\/2021\/03\/sharda-576x1024.jpg\" alt=\"\" class=\"wp-image-77 size-full\" srcset=\"https:\/\/praktijkvoormondhygienespijkenisse.nl\/wordpress\/wp-content\/uploads\/2021\/03\/sharda-576x1024.jpg 576w, https:\/\/praktijkvoormondhygienespijkenisse.nl\/wordpress\/wp-content\/uploads\/2021\/03\/sharda-169x300.jpg 169w, https:\/\/praktijkvoormondhygienespijkenisse.nl\/wordpress\/wp-content\/uploads\/2021\/03\/sharda-768x1365.jpg 768w, https:\/\/praktijkvoormondhygienespijkenisse.nl\/wordpress\/wp-content\/uploads\/2021\/03\/sharda-864x1536.jpg 864w, https:\/\/praktijkvoormondhygienespijkenisse.nl\/wordpress\/wp-content\/uploads\/2021\/03\/sharda.jpg 900w\" sizes=\"auto, (max-width: 576px) 100vw, 576px\" \/><\/figure><div class=\"wp-block-media-text__content\">\n<p>In ieder gebit kan er tandsteen of aanslag voorkomen. Ook gevoelige tandhalzen en teruggetrokken en\/of bloedend (ontstoken) tandvlees zijn veelvoorkomende ongemakken.<\/p>\n\n\n\n<p>Iedereen kan rechtstreeks bij de mondhygi\u00ebnist terecht. Ook als u gaatjes (cari\u00ebs) heeft, of last heeft van een slechte adem, kan de mondhygi\u00ebnist uitkomst bieden. Deze&nbsp;\u2018aandoeningen\u2019 betekenen lang niet altijd dat er sprake is van een slecht gebit. Maar het is wel belangrijk dat de mondhygi\u00ebnist het behandelt, zodat het niet erger wordt.<\/p>\n\n\n\n<p>Sommige aandoeningen in uw lichaam kunnen de kwaliteit van uw gebit en tandvlees be\u00efnvloeden of andersom. Het is wetenschappelijk bewezen dat er een samenhang is tussen mondbacteri\u00ebn en bijvoorbeeld diabetes, hart- of vaatziekten en vroeggeboorte. Tijdens de zwangerschap is het belangrijk om ook alert te zijn op tandvleesaandoeningen en zo nodig naar de mondhygi\u00ebnist te gaan.<\/p>\n\n\n\n<p>Inhoudelijke informatie kun u ook vinden op:<\/p>\n\n\n\n<p><\/p>\n\n\n\n<p><strong>Links:<\/strong><br><br><a href=\"http:\/\/www.mondhygienisten.nl\" target=\"_blank\" rel=\"noreferrer noopener\">Nederlandse Vereniging van Mondhygi\u00ebnisten<\/a><\/p>\n\n\n\n<p><a href=\"http:\/\/www.kieskrm.nl\" target=\"_blank\" rel=\"noreferrer noopener\">Kwaliteits Register Mondhygi\u00ebnisten<\/a><\/p>\n\n\n\n<p><a href=\"http:\/\/www.ivorenkruis.nl\" target=\"_blank\" rel=\"noreferrer noopener\">Het Ivoren Kruis<\/a><\/p>\n\n\n\n<p><a href=\"http:\/\/www.beugel.nl\" target=\"_blank\" rel=\"noreferrer noopener\">Orthodontie online<\/a><\/p>\n\n\n\n<p><a href=\"http:\/\/www.gezondheidsplein.nl\" target=\"_blank\" rel=\"noreferrer noopener\">Gezondheidsplein<\/a><\/p>\n\n\n\n<p><a href=\"http:\/\/www.tand.nl\" target=\"_blank\" rel=\"noreferrer noopener\">De site voor je kiezen<\/a><\/p>\n\n\n\n<p><a href=\"http:\/\/www.tandarts.nl\" target=\"_blank\" rel=\"noreferrer noopener\">Tandheelkundige informatie<\/a><\/p>\n\n\n\n<p><a href=\"http:\/\/www.nvvp.org\" target=\"_blank\" rel=\"noreferrer noopener\">Nederlandse Vereniging voor Parodontologie<\/a><\/p>\n\n\n\n<p><a href=\"http:\/\/www.zorgwijzer.nl\" target=\"_blank\" rel=\"noreferrer noopener\">Stoppen met roken<\/a><\/p>\n\n\n\n<p><a href=\"http:\/\/www.tandartsplein.nl\" target=\"_blank\" rel=\"noreferrer noopener\">Mondhygi\u00ebne hulpmiddelen<\/a> (ragers, stokers etc.)<\/p>\n\n\n\n<p><a href=\"http:\/\/www.kiesbeter.nl\/\" target=\"_blank\" rel=\"noreferrer noopener\">www.kiesBeter.nl<\/a><\/p>\n\n\n\n<p><a href=\"http:\/\/www.tandvlees.nl\" target=\"_blank\" rel=\"noreferrer noopener\">Alles over je tandvlees<\/a><\/p>\n\n\n\n<p><a href=\"http:\/\/www.allesoverhetgebit.nl\" target=\"_blank\" rel=\"noreferrer noopener\">Alles over het gebit<\/a><\/p>\n<\/div><\/div>\n","protected":false},"excerpt":{"rendered":"<p>In ieder gebit kan er tandsteen of aanslag voorkomen. Ook gevoelige tandhalzen en teruggetrokken en\/of bloedend (ontstoken) tandvlees zijn veelvoorkomende ongemakken. Iedereen kan rechtstreeks bij de mondhygi\u00ebnist terecht. Ook als u gaatjes<\/p>\n<a class=\"moretag noptoppad\" href=\"https:\/\/praktijkvoormondhygienespijkenisse.nl\/wordpress\/index.php\/de-mondhygienist\/\">Lees verder...<\/a>","protected":false},"author":1,"featured_media":0,"parent":0,"menu_order":0,"comment_status":"closed","ping_status":"closed","template":"","meta":{"footnotes":""},"class_list":["post-148","page","type-page","status-publish","hentry"],"yoast_head":"<!-- This site is optimized with the Yoast SEO plugin v27.4 - https:\/\/yoast.com\/product\/yoast-seo-wordpress\/ -->\n<title>De mondhygienist - Praktijk voor mondhygiene Spijkenisse<\/title>\n<meta name=\"robots\" content=\"index, follow, max-snippet:-1, max-image-preview:large, max-video-preview:-1\" \/>\n<link rel=\"canonical\" href=\"https:\/\/praktijkvoormondhygienespijkenisse.nl\/wordpress\/index.php\/de-mondhygienist\/\" \/>\n<meta property=\"og:locale\" content=\"nl_NL\" \/>\n<meta property=\"og:type\" content=\"article\" \/>\n<meta property=\"og:title\" content=\"De mondhygienist - Praktijk voor mondhygiene Spijkenisse\" \/>\n<meta property=\"og:description\" content=\"In ieder gebit kan er tandsteen of aanslag voorkomen. Ook gevoelige tandhalzen en teruggetrokken en\/of bloedend (ontstoken) tandvlees zijn veelvoorkomende ongemakken. Iedereen kan rechtstreeks bij de mondhygi\u00ebnist terecht. Ook als u gaatjes\" \/>\n<meta property=\"og:url\" content=\"https:\/\/praktijkvoormondhygienespijkenisse.nl\/wordpress\/index.php\/de-mondhygienist\/\" \/>\n<meta property=\"og:site_name\" content=\"Praktijk voor mondhygiene Spijkenisse\" \/>\n<meta property=\"article:modified_time\" content=\"2022-06-28T19:50:24+00:00\" \/>\n<meta property=\"og:image\" content=\"http:\/\/praktijkvoormondhygienespijkenisse.nl\/wordpress\/wp-content\/uploads\/2021\/03\/sharda-576x1024.jpg\" \/>\n<meta name=\"twitter:card\" content=\"summary_large_image\" \/>\n<meta name=\"twitter:label1\" content=\"Geschatte leestijd\" \/>\n\t<meta name=\"twitter:data1\" content=\"2 minuten\" \/>\n<script type=\"application\/ld+json\" class=\"yoast-schema-graph\">{\"@context\":\"https:\\\/\\\/schema.org\",\"@graph\":[{\"@type\":\"WebPage\",\"@id\":\"https:\\\/\\\/praktijkvoormondhygienespijkenisse.nl\\\/wordpress\\\/index.php\\\/de-mondhygienist\\\/\",\"url\":\"https:\\\/\\\/praktijkvoormondhygienespijkenisse.nl\\\/wordpress\\\/index.php\\\/de-mondhygienist\\\/\",\"name\":\"De mondhygienist - Praktijk voor mondhygiene Spijkenisse\",\"isPartOf\":{\"@id\":\"https:\\\/\\\/praktijkvoormondhygienespijkenisse.nl\\\/wordpress\\\/#website\"},\"primaryImageOfPage\":{\"@id\":\"https:\\\/\\\/praktijkvoormondhygienespijkenisse.nl\\\/wordpress\\\/index.php\\\/de-mondhygienist\\\/#primaryimage\"},\"image\":{\"@id\":\"https:\\\/\\\/praktijkvoormondhygienespijkenisse.nl\\\/wordpress\\\/index.php\\\/de-mondhygienist\\\/#primaryimage\"},\"thumbnailUrl\":\"http:\\\/\\\/praktijkvoormondhygienespijkenisse.nl\\\/wordpress\\\/wp-content\\\/uploads\\\/2021\\\/03\\\/sharda-576x1024.jpg\",\"datePublished\":\"2022-06-28T19:50:23+00:00\",\"dateModified\":\"2022-06-28T19:50:24+00:00\",\"breadcrumb\":{\"@id\":\"https:\\\/\\\/praktijkvoormondhygienespijkenisse.nl\\\/wordpress\\\/index.php\\\/de-mondhygienist\\\/#breadcrumb\"},\"inLanguage\":\"nl-NL\",\"potentialAction\":[{\"@type\":\"ReadAction\",\"target\":[\"https:\\\/\\\/praktijkvoormondhygienespijkenisse.nl\\\/wordpress\\\/index.php\\\/de-mondhygienist\\\/\"]}]},{\"@type\":\"ImageObject\",\"inLanguage\":\"nl-NL\",\"@id\":\"https:\\\/\\\/praktijkvoormondhygienespijkenisse.nl\\\/wordpress\\\/index.php\\\/de-mondhygienist\\\/#primaryimage\",\"url\":\"https:\\\/\\\/praktijkvoormondhygienespijkenisse.nl\\\/wordpress\\\/wp-content\\\/uploads\\\/2021\\\/03\\\/sharda.jpg\",\"contentUrl\":\"https:\\\/\\\/praktijkvoormondhygienespijkenisse.nl\\\/wordpress\\\/wp-content\\\/uploads\\\/2021\\\/03\\\/sharda.jpg\",\"width\":900,\"height\":1600},{\"@type\":\"BreadcrumbList\",\"@id\":\"https:\\\/\\\/praktijkvoormondhygienespijkenisse.nl\\\/wordpress\\\/index.php\\\/de-mondhygienist\\\/#breadcrumb\",\"itemListElement\":[{\"@type\":\"ListItem\",\"position\":1,\"name\":\"Home\",\"item\":\"https:\\\/\\\/praktijkvoormondhygienespijkenisse.nl\\\/wordpress\\\/\"},{\"@type\":\"ListItem\",\"position\":2,\"name\":\"De mondhygienist\"}]},{\"@type\":\"WebSite\",\"@id\":\"https:\\\/\\\/praktijkvoormondhygienespijkenisse.nl\\\/wordpress\\\/#website\",\"url\":\"https:\\\/\\\/praktijkvoormondhygienespijkenisse.nl\\\/wordpress\\\/\",\"name\":\"Praktijk voor mondhygiene Spijkenisse\",\"description\":\"\",\"potentialAction\":[{\"@type\":\"SearchAction\",\"target\":{\"@type\":\"EntryPoint\",\"urlTemplate\":\"https:\\\/\\\/praktijkvoormondhygienespijkenisse.nl\\\/wordpress\\\/?s={search_term_string}\"},\"query-input\":{\"@type\":\"PropertyValueSpecification\",\"valueRequired\":true,\"valueName\":\"search_term_string\"}}],\"inLanguage\":\"nl-NL\"}]}<\/script>\n<!-- \/ Yoast SEO plugin. -->","yoast_head_json":{"title":"De mondhygienist - Praktijk voor mondhygiene Spijkenisse","robots":{"index":"index","follow":"follow","max-snippet":"max-snippet:-1","max-image-preview":"max-image-preview:large","max-video-preview":"max-video-preview:-1"},"canonical":"https:\/\/praktijkvoormondhygienespijkenisse.nl\/wordpress\/index.php\/de-mondhygienist\/","og_locale":"nl_NL","og_type":"article","og_title":"De mondhygienist - Praktijk voor mondhygiene Spijkenisse","og_description":"In ieder gebit kan er tandsteen of aanslag voorkomen. Ook gevoelige tandhalzen en teruggetrokken en\/of bloedend (ontstoken) tandvlees zijn veelvoorkomende ongemakken. Iedereen kan rechtstreeks bij de mondhygi\u00ebnist terecht. Ook als u gaatjes","og_url":"https:\/\/praktijkvoormondhygienespijkenisse.nl\/wordpress\/index.php\/de-mondhygienist\/","og_site_name":"Praktijk voor mondhygiene Spijkenisse","article_modified_time":"2022-06-28T19:50:24+00:00","og_image":[{"url":"http:\/\/praktijkvoormondhygienespijkenisse.nl\/wordpress\/wp-content\/uploads\/2021\/03\/sharda-576x1024.jpg","type":"","width":"","height":""}],"twitter_card":"summary_large_image","twitter_misc":{"Geschatte leestijd":"2 minuten"},"schema":{"@context":"https:\/\/schema.org","@graph":[{"@type":"WebPage","@id":"https:\/\/praktijkvoormondhygienespijkenisse.nl\/wordpress\/index.php\/de-mondhygienist\/","url":"https:\/\/praktijkvoormondhygienespijkenisse.nl\/wordpress\/index.php\/de-mondhygienist\/","name":"De mondhygienist - Praktijk voor mondhygiene Spijkenisse","isPartOf":{"@id":"https:\/\/praktijkvoormondhygienespijkenisse.nl\/wordpress\/#website"},"primaryImageOfPage":{"@id":"https:\/\/praktijkvoormondhygienespijkenisse.nl\/wordpress\/index.php\/de-mondhygienist\/#primaryimage"},"image":{"@id":"https:\/\/praktijkvoormondhygienespijkenisse.nl\/wordpress\/index.php\/de-mondhygienist\/#primaryimage"},"thumbnailUrl":"http:\/\/praktijkvoormondhygienespijkenisse.nl\/wordpress\/wp-content\/uploads\/2021\/03\/sharda-576x1024.jpg","datePublished":"2022-06-28T19:50:23+00:00","dateModified":"2022-06-28T19:50:24+00:00","breadcrumb":{"@id":"https:\/\/praktijkvoormondhygienespijkenisse.nl\/wordpress\/index.php\/de-mondhygienist\/#breadcrumb"},"inLanguage":"nl-NL","potentialAction":[{"@type":"ReadAction","target":["https:\/\/praktijkvoormondhygienespijkenisse.nl\/wordpress\/index.php\/de-mondhygienist\/"]}]},{"@type":"ImageObject","inLanguage":"nl-NL","@id":"https:\/\/praktijkvoormondhygienespijkenisse.nl\/wordpress\/index.php\/de-mondhygienist\/#primaryimage","url":"https:\/\/praktijkvoormondhygienespijkenisse.nl\/wordpress\/wp-content\/uploads\/2021\/03\/sharda.jpg","contentUrl":"https:\/\/praktijkvoormondhygienespijkenisse.nl\/wordpress\/wp-content\/uploads\/2021\/03\/sharda.jpg","width":900,"height":1600},{"@type":"BreadcrumbList","@id":"https:\/\/praktijkvoormondhygienespijkenisse.nl\/wordpress\/index.php\/de-mondhygienist\/#breadcrumb","itemListElement":[{"@type":"ListItem","position":1,"name":"Home","item":"https:\/\/praktijkvoormondhygienespijkenisse.nl\/wordpress\/"},{"@type":"ListItem","position":2,"name":"De mondhygienist"}]},{"@type":"WebSite","@id":"https:\/\/praktijkvoormondhygienespijkenisse.nl\/wordpress\/#website","url":"https:\/\/praktijkvoormondhygienespijkenisse.nl\/wordpress\/","name":"Praktijk voor mondhygiene Spijkenisse","description":"","potentialAction":[{"@type":"SearchAction","target":{"@type":"EntryPoint","urlTemplate":"https:\/\/praktijkvoormondhygienespijkenisse.nl\/wordpress\/?s={search_term_string}"},"query-input":{"@type":"PropertyValueSpecification","valueRequired":true,"valueName":"search_term_string"}}],"inLanguage":"nl-NL"}]}},"_links":{"self":[{"href":"https:\/\/praktijkvoormondhygienespijkenisse.nl\/wordpress\/index.php\/wp-json\/wp\/v2\/pages\/148","targetHints":{"allow":["GET"]}}],"collection":[{"href":"https:\/\/praktijkvoormondhygienespijkenisse.nl\/wordpress\/index.php\/wp-json\/wp\/v2\/pages"}],"about":[{"href":"https:\/\/praktijkvoormondhygienespijkenisse.nl\/wordpress\/index.php\/wp-json\/wp\/v2\/types\/page"}],"author":[{"embeddable":true,"href":"https:\/\/praktijkvoormondhygienespijkenisse.nl\/wordpress\/index.php\/wp-json\/wp\/v2\/users\/1"}],"replies":[{"embeddable":true,"href":"https:\/\/praktijkvoormondhygienespijkenisse.nl\/wordpress\/index.php\/wp-json\/wp\/v2\/comments?post=148"}],"version-history":[{"count":1,"href":"https:\/\/praktijkvoormondhygienespijkenisse.nl\/wordpress\/index.php\/wp-json\/wp\/v2\/pages\/148\/revisions"}],"predecessor-version":[{"id":149,"href":"https:\/\/praktijkvoormondhygienespijkenisse.nl\/wordpress\/index.php\/wp-json\/wp\/v2\/pages\/148\/revisions\/149"}],"wp:attachment":[{"href":"https:\/\/praktijkvoormondhygienespijkenisse.nl\/wordpress\/index.php\/wp-json\/wp\/v2\/media?parent=148"}],"curies":[{"name":"wp","href":"https:\/\/api.w.org\/{rel}","templated":true}]}}